{"id":53,"date":"2024-08-09T21:10:04","date_gmt":"2024-08-09T21:10:04","guid":{"rendered":"https:\/\/getthatjob.ch\/?page_id=53"},"modified":"2024-08-09T21:10:04","modified_gmt":"2024-08-09T21:10:04","slug":"dokumentation","status":"publish","type":"page","link":"https:\/\/getthatjob.ch\/index.php\/dokumentation\/","title":{"rendered":"DOKUMENTATION"},"content":{"rendered":"\n<p><\/p>\n\n\n\n<h2 class=\"wp-block-heading\">Studie<\/h2>\n\n\n\n<p>Der ganze Bachelorarbeitsprozess war aufgrund der Themenwahl sehr verwoben und musste deshalb linear gestaltet werden. Sprich, erst die Studie, dann die Resultate und dann die Umsetzung des gestalterisch gr\u00f6ssten Teil des Projekts.<\/p>\n\n\n\n<h3 class=\"wp-block-heading\">Videoproduktion f\u00fcr Umfragebewerbungen<\/h3>\n\n\n\n<p>Bereits zu diesem Zeitpunkt musste ich feststellen, dass dieses Unterfangen doch komplizierter als geplant werden w\u00fcrde. Ich hatte mir ganz andere Formate vorgestellt, als sich dann aus der Literaturrecherche ergaben.<br>Mit dieser Anpassung aus dem Weg kam auch schon das n\u00e4chste Problem auf mich zu; meine Schauspieler*innen sprangen alle ab.&nbsp;<\/p>\n\n\n\n<p>Mit einer durchaus kompetenten Kommilitonin als Ersatz ging die Produktion los. Nach 2 Drehtagen und 4 Tagen Postproduktion waren die Videos (und schriftlichen Bewerbungen) fertig.<\/p>\n\n\n\n<h3 class=\"wp-block-heading\">Ergebnisse<\/h3>\n\n\n\n<p>4 Wochen sp\u00e4ter habe ich alle Daten gesammelt und wertete diese aus. Bei den Ergebnissen best\u00e4tigten sich viele meiner Hypothesen und ich war motiviert, mit dem kreativen Teil loszulegen.<\/p>\n\n\n\n<h3 class=\"wp-block-heading\">Schl\u00fcsselerkenntnisse und deren Anwendung<\/h3>\n\n\n\n<p>Aus den Ergebnissen konnte ich einige Schl\u00fcsselaussagen ziehen und diese im Fazit zur Beantwortung meiner Fragen verwenden. Ich versuchte, Informationen aus der gesamten Thesis einfliessen zu lassen. Besonders Erkenntnisse, die ich nicht erwartet h\u00e4tte oder ungew\u00f6hnliche Qualitative Umfrageantworten, fanden ihren Weg in den Ratgeber.<\/p>\n\n\n\n<h2 class=\"wp-block-heading\">Ratgeber<\/h2>\n\n\n\n<p>Die Erkenntnisse aus der Thesis wurden auf 8 Punkte zusammengefasst und als Ratgeber formuliert. Nach einigen K\u00e4mpfen mit InDesign hatte ich alle Textinhalte in der Datei und konnte mit der Gestaltung beginnen.<\/p>\n\n\n\n<h3 class=\"wp-block-heading\">Gestaltung PDF<\/h3>\n\n\n\n<p>Bei der Gestaltung fing ich mit dem Layouten an und \u00fcberlegte mir laufend Titel und m\u00f6gliche Illustrationen. Die Illustrationen entstanden St\u00fcck f\u00fcr St\u00fcck und wurden auch mehrere Male \u00fcberarbeitet. Das Hauptproblem hierbei war die Einheitlichkeit.<\/p>\n\n\n\n<p>Beim Layouten war ich anfangs bieder unterwegs und versuchte, so gut es ging, davon zu l\u00f6sen. Das Endresultat ist nicht unbedingt Avant-Garde, aber nach dem Schreiben einer Thesis sieht alles, was auch nur minimal gestaltet ist, bereits spannend aus.<\/p>\n\n\n\n<h3 class=\"wp-block-heading\">Videoproduktion Beispielvideo<\/h3>\n\n\n\n<p>Die Produktion des Beispielvideos war anders als urspr\u00fcnglich geplant, deutlich weniger extensiv. Doch auch dann war es keine kleine Sache. Wieder an 2 Drehtagen gefilmt, jedoch dauerte die Postproduktion dieses Mal auch 2 Tage. Das Video ist inhaltlich deutlich anders ausgefallen, als ich mir das im letzten Semester erhofft hatte, doch ich bin zufrieden mit dem Endresultat. Ich h\u00e4tte gerne mehr in Richtung kreativem Showreel gearbeitet, aber ich versuchte, das Beispielvideo allgemein zu halten und bei den Erkenntnissen der Thesis zu bleiben. Selbstverst\u00e4ndlich habe ich im Nachhinein den einen oder anderen Verbesserungsvorschlag, aber ein bisschen selbstkritisch darf man ja auch sein.<\/p>\n\n\n\n<h3 class=\"wp-block-heading\">Gestaltung Webseite<\/h3>\n\n\n\n<p>Die Gestaltung der Webseite verlief mit dem Block-Builder von WordPress relativ geschmeidig. Die Hauptfrage hierbei war, was alles einen Platz auf der Webseite verdient hat. Ob ich die ganze Thesis sch\u00f6n aufbereite und alle Diagramme einbeziehe oder ob ich beim Ratgeber bleibe und nur eine Seite mit dem PDF-Inhalt mache und eine mit den Beispielvideos. Wie nun erkennbar ist, habe ich mich f\u00fcr einen Mittelweg entschieden.<br>Probleme gab es bei der Webseite eigentlich nur seitens Hosting, da das Setup der Webseite ewig dauerte und ich bis jetzt noch nicht genau verstehe, was das Problem gel\u00f6st hat.&nbsp;<\/p>\n\n\n\n<h2 class=\"wp-block-heading\">Verwendung Lehrprojekt<\/h2>\n\n\n\n<p>Ob diese Webseite aktiv verwendet wird oder nicht, kann ich jetzt noch nicht sagen. (Ich hoffe nat\u00fcrlich schon, die Studie war m\u00fchselig genug) Vielleicht st\u00fcrze ich mich nun auf diese \u201cMarktl\u00fccke\u201d und fange an, beruflich Bewerbungsvideos zu produzieren, aber ich denke es ist wahrscheinlicher, dass die Webseite ein spannendes Projekt im Rahmen einer Bachelorarbeit bleibt.<\/p>\n","protected":false},"excerpt":{"rendered":"<p>Studie Der ganze Bachelorarbeitsprozess war aufgrund der Themenwahl sehr verwoben und musste deshalb linear gestaltet werden. Sprich, erst die Studie, dann die Resultate und dann die Umsetzung des gestalterisch gr\u00f6ssten Teil des Projekts. Videoproduktion f\u00fcr Umfragebewerbungen Bereits zu diesem Zeitpunkt musste ich feststellen, dass dieses Unterfangen doch komplizierter als geplant werden w\u00fcrde. Ich hatte mir [&hellip;]<\/p>\n","protected":false},"author":1,"featured_media":0,"parent":0,"menu_order":0,"comment_status":"closed","ping_status":"closed","template":"","meta":{"footnotes":""},"class_list":["post-53","page","type-page","status-publish","hentry"],"_links":{"self":[{"href":"https:\/\/getthatjob.ch\/index.php\/wp-json\/wp\/v2\/pages\/53","targetHints":{"allow":["GET"]}}],"collection":[{"href":"https:\/\/getthatjob.ch\/index.php\/wp-json\/wp\/v2\/pages"}],"about":[{"href":"https:\/\/getthatjob.ch\/index.php\/wp-json\/wp\/v2\/types\/page"}],"author":[{"embeddable":true,"href":"https:\/\/getthatjob.ch\/index.php\/wp-json\/wp\/v2\/users\/1"}],"replies":[{"embeddable":true,"href":"https:\/\/getthatjob.ch\/index.php\/wp-json\/wp\/v2\/comments?post=53"}],"version-history":[{"count":1,"href":"https:\/\/getthatjob.ch\/index.php\/wp-json\/wp\/v2\/pages\/53\/revisions"}],"predecessor-version":[{"id":54,"href":"https:\/\/getthatjob.ch\/index.php\/wp-json\/wp\/v2\/pages\/53\/revisions\/54"}],"wp:attachment":[{"href":"https:\/\/getthatjob.ch\/index.php\/wp-json\/wp\/v2\/media?parent=53"}],"curies":[{"name":"wp","href":"https:\/\/api.w.org\/{rel}","templated":true}]}}